{"id":84,"date":"2023-08-03T23:43:08","date_gmt":"2023-08-03T21:43:08","guid":{"rendered":"http:\/\/tailored.sk\/?page_id=84"},"modified":"2024-02-07T10:14:20","modified_gmt":"2024-02-07T09:14:20","slug":"references","status":"publish","type":"page","link":"https:\/\/tailored.sk\/?page_id=84","title":{"rendered":"Blog &#038; References"},"content":{"rendered":"\t\t<div data-elementor-type=\"wp-page\" data-elementor-id=\"84\" class=\"elementor elementor-84\" data-elementor-post-type=\"page\">\n\t\t\t\t\t\t\t\t\t<section class=\"elementor-section elementor-top-section elementor-element elementor-element-7c4053b elementor-section-boxed elementor-section-height-default elementor-section-height-default\" data-id=\"7c4053b\" data-element_type=\"section\" data-settings=\"{&quot;_ha_eqh_enable&quot;:false}\">\n\t\t\t\t\t\t<div class=\"elementor-container elementor-column-gap-default\">\n\t\t\t\t\t<div class=\"elementor-column elementor-col-100 elementor-top-column elementor-element elementor-element-3852824\" data-id=\"3852824\" data-element_type=\"column\">\n\t\t\t<div class=\"elementor-widget-wrap elementor-element-populated\">\n\t\t\t\t\t\t\t\t<div class=\"elementor-element elementor-element-856b67d elementor-grid-3 elementor-grid-tablet-2 elementor-grid-mobile-1 elementor-posts--thumbnail-top elementor-widget elementor-widget-posts\" data-id=\"856b67d\" data-element_type=\"widget\" data-settings=\"{&quot;pagination_type&quot;:&quot;load_more_infinite_scroll&quot;,&quot;classic_columns&quot;:&quot;3&quot;,&quot;classic_columns_tablet&quot;:&quot;2&quot;,&quot;classic_columns_mobile&quot;:&quot;1&quot;,&quot;classic_row_gap&quot;:{&quot;unit&quot;:&quot;px&quot;,&quot;size&quot;:35,&quot;sizes&quot;:[]},&quot;classic_row_gap_tablet&quot;:{&quot;unit&quot;:&quot;px&quot;,&quot;size&quot;:&quot;&quot;,&quot;sizes&quot;:[]},&quot;classic_row_gap_mobile&quot;:{&quot;unit&quot;:&quot;px&quot;,&quot;size&quot;:&quot;&quot;,&quot;sizes&quot;:[]},&quot;load_more_spinner&quot;:{&quot;value&quot;:&quot;fas fa-spinner&quot;,&quot;library&quot;:&quot;fa-solid&quot;}}\" data-widget_type=\"posts.classic\">\n\t\t\t\t<div class=\"elementor-widget-container\">\n\t\t\t<link rel=\"stylesheet\" href=\"https:\/\/tailored.sk\/wp-content\/plugins\/elementor-pro\/assets\/css\/widget-posts.min.css\">\t\t<div class=\"elementor-posts-container elementor-posts elementor-posts--skin-classic elementor-grid\">\n\t\t\t\t<article class=\"elementor-post elementor-grid-item post-567 post type-post status-publish format-standard has-post-thumbnail hentry category-nezaradene\">\n\t\t\t\t<a class=\"elementor-post__thumbnail__link\" href=\"https:\/\/tailored.sk\/?p=567\" tabindex=\"-1\" >\n\t\t\t<div class=\"elementor-post__thumbnail\"><img decoding=\"async\" loading=\"lazy\" width=\"225\" height=\"300\" src=\"https:\/\/tailored.sk\/wp-content\/uploads\/2024\/02\/415715893_3710002869246943_5271905757335264612_n-225x300.jpg\" class=\"attachment-medium size-medium wp-image-569\" alt=\"\" srcset=\"https:\/\/tailored.sk\/wp-content\/uploads\/2024\/02\/415715893_3710002869246943_5271905757335264612_n-225x300.jpg 225w, https:\/\/tailored.sk\/wp-content\/uploads\/2024\/02\/415715893_3710002869246943_5271905757335264612_n.jpg 750w\" sizes=\"(max-width: 225px) 100vw, 225px\" \/><\/div>\n\t\t<\/a>\n\t\t\t\t<div class=\"elementor-post__text\">\n\t\t\t\t<h3 class=\"elementor-post__title\">\n\t\t\t<a href=\"https:\/\/tailored.sk\/?p=567\" >\n\t\t\t\tProjekt VIP Gym Trnava 2023\t\t\t<\/a>\n\t\t<\/h3>\n\t\t\t\t<div class=\"elementor-post__excerpt\">\n\t\t\t<p>V roku 2023 sme dostali pr\u00edle\u017eitos\u0165 navrhn\u00fa\u0165 a kompletne zrealizova\u0165 komplexn\u00fd syst\u00e9m chladenia a vetrania s rekuper\u00e1ciou pre novo vznikaj\u00face fitness centrum VIP Gym v<\/p>\n\t\t<\/div>\n\t\t\n\t\t<a class=\"elementor-post__read-more\" href=\"https:\/\/tailored.sk\/?p=567\" aria-label=\"Read more about Projekt VIP Gym Trnava 2023\" tabindex=\"-1\" >\n\t\t\t\u010c\u00edta\u0165 viac \u00bb\t\t<\/a>\n\n\t\t\t\t<\/div>\n\t\t\t\t<\/article>\n\t\t\t\t<article class=\"elementor-post elementor-grid-item post-538 post type-post status-publish format-standard has-post-thumbnail hentry category-nezaradene\">\n\t\t\t\t<a class=\"elementor-post__thumbnail__link\" href=\"https:\/\/tailored.sk\/?p=538\" tabindex=\"-1\" >\n\t\t\t<div class=\"elementor-post__thumbnail\"><img decoding=\"async\" loading=\"lazy\" width=\"300\" height=\"200\" src=\"https:\/\/tailored.sk\/wp-content\/uploads\/2024\/02\/20190924_032-300x200.jpg\" class=\"attachment-medium size-medium wp-image-550\" alt=\"\" srcset=\"https:\/\/tailored.sk\/wp-content\/uploads\/2024\/02\/20190924_032-300x200.jpg 300w, https:\/\/tailored.sk\/wp-content\/uploads\/2024\/02\/20190924_032-1024x683.jpg 1024w, https:\/\/tailored.sk\/wp-content\/uploads\/2024\/02\/20190924_032-768x512.jpg 768w, https:\/\/tailored.sk\/wp-content\/uploads\/2024\/02\/20190924_032.jpg 1500w\" sizes=\"(max-width: 300px) 100vw, 300px\" \/><\/div>\n\t\t<\/a>\n\t\t\t\t<div class=\"elementor-post__text\">\n\t\t\t\t<h3 class=\"elementor-post__title\">\n\t\t\t<a href=\"https:\/\/tailored.sk\/?p=538\" >\n\t\t\t\tV\u00fdznam HVAC syst\u00e9mov a klimatiz\u00e1cie\t\t\t<\/a>\n\t\t<\/h3>\n\t\t\t\t<div class=\"elementor-post__excerpt\">\n\t\t\t<p>HVAC (Heating, Ventilation, and Air Conditioning) predstavuje vyu\u017eitie r\u00f4znych technol\u00f3gi\u00ed na kontrolu teploty, vlhkosti a \u010distoty vzduchu v uzavretom priestore. Jeho cie\u013eom je poskytn\u00fa\u0165 tepeln\u00fd<\/p>\n\t\t<\/div>\n\t\t\n\t\t<a class=\"elementor-post__read-more\" href=\"https:\/\/tailored.sk\/?p=538\" aria-label=\"Read more about V\u00fdznam HVAC syst\u00e9mov a klimatiz\u00e1cie\" tabindex=\"-1\" >\n\t\t\t\u010c\u00edta\u0165 viac \u00bb\t\t<\/a>\n\n\t\t\t\t<\/div>\n\t\t\t\t<\/article>\n\t\t\t\t<\/div>\n\t\t\t\t\t<span class=\"e-load-more-spinner\">\n\t\t\t\t<i aria-hidden=\"true\" class=\"fas fa-spinner\"><\/i>\t\t\t<\/span>\n\t\t\n\t\t\t\t<\/div>\n\t\t\t\t<\/div>\n\t\t\t\t\t<\/div>\n\t\t<\/div>\n\t\t\t\t\t\t\t<\/div>\n\t\t<\/section>\n\t\t\t\t\t\t\t<\/div>\n\t\t","protected":false},"excerpt":{"rendered":"","protected":false},"author":3,"featured_media":0,"parent":0,"menu_order":0,"comment_status":"closed","ping_status":"closed","template":"elementor_header_footer","meta":{"_monsterinsights_skip_tracking":false,"_monsterinsights_sitenote_active":false,"_monsterinsights_sitenote_note":"","_monsterinsights_sitenote_category":0,"footnotes":""},"yoast_head":"<!-- This site is optimized with the Yoast SEO plugin v21.4 - https:\/\/yoast.com\/wordpress\/plugins\/seo\/ -->\n<title>Blog &amp; References - Tailored<\/title>\n<meta name=\"description\" content=\"Referencie a in\u00e9 aktu\u00e1lne inform\u00e1cie, \u010dl\u00e1nky, aktuality, novinky oh\u013eadne Tailored technologies.\" \/>\n<meta name=\"robots\" content=\"index, follow, max-snippet:-1, max-image-preview:large, max-video-preview:-1\" \/>\n<link rel=\"canonical\" href=\"https:\/\/tailored.sk\/?page_id=84\" \/>\n<meta property=\"og:locale\" content=\"sk_SK\" \/>\n<meta property=\"og:type\" content=\"article\" \/>\n<meta property=\"og:title\" content=\"Blog &amp; References - Tailored\" \/>\n<meta property=\"og:description\" content=\"Referencie a in\u00e9 aktu\u00e1lne inform\u00e1cie, \u010dl\u00e1nky, aktuality, novinky oh\u013eadne Tailored technologies.\" \/>\n<meta property=\"og:url\" content=\"https:\/\/tailored.sk\/?page_id=84\" \/>\n<meta property=\"og:site_name\" content=\"Tailored\" \/>\n<meta property=\"article:modified_time\" content=\"2024-02-07T09:14:20+00:00\" \/>\n<meta name=\"twitter:card\" content=\"summary_large_image\" \/>\n<meta name=\"twitter:label1\" content=\"Predpokladan\u00fd \u010das \u010d\u00edtania\" \/>\n\t<meta name=\"twitter:data1\" content=\"3 min\u00faty\" \/>\n<script type=\"application\/ld+json\" class=\"yoast-schema-graph\">{\"@context\":\"https:\/\/schema.org\",\"@graph\":[{\"@type\":\"WebPage\",\"@id\":\"https:\/\/tailored.sk\/?page_id=84\",\"url\":\"https:\/\/tailored.sk\/?page_id=84\",\"name\":\"Blog & References - Tailored\",\"isPartOf\":{\"@id\":\"http:\/\/tailored.sk\/#website\"},\"datePublished\":\"2023-08-03T21:43:08+00:00\",\"dateModified\":\"2024-02-07T09:14:20+00:00\",\"description\":\"Referencie a in\u00e9 aktu\u00e1lne inform\u00e1cie, \u010dl\u00e1nky, aktuality, novinky oh\u013eadne Tailored technologies.\",\"breadcrumb\":{\"@id\":\"https:\/\/tailored.sk\/?page_id=84#breadcrumb\"},\"inLanguage\":\"sk-SK\",\"potentialAction\":[{\"@type\":\"ReadAction\",\"target\":[\"https:\/\/tailored.sk\/?page_id=84\"]}]},{\"@type\":\"BreadcrumbList\",\"@id\":\"https:\/\/tailored.sk\/?page_id=84#breadcrumb\",\"itemListElement\":[{\"@type\":\"ListItem\",\"position\":1,\"name\":\"Home\",\"item\":\"http:\/\/tailored.sk\/\"},{\"@type\":\"ListItem\",\"position\":2,\"name\":\"Blog &#038; References\"}]},{\"@type\":\"WebSite\",\"@id\":\"http:\/\/tailored.sk\/#website\",\"url\":\"http:\/\/tailored.sk\/\",\"name\":\"Tailored\",\"description\":\"\",\"publisher\":{\"@id\":\"http:\/\/tailored.sk\/#organization\"},\"potentialAction\":[{\"@type\":\"SearchAction\",\"target\":{\"@type\":\"EntryPoint\",\"urlTemplate\":\"http:\/\/tailored.sk\/?s={search_term_string}\"},\"query-input\":\"required name=search_term_string\"}],\"inLanguage\":\"sk-SK\"},{\"@type\":\"Organization\",\"@id\":\"http:\/\/tailored.sk\/#organization\",\"name\":\"Tailored\",\"url\":\"http:\/\/tailored.sk\/\",\"logo\":{\"@type\":\"ImageObject\",\"inLanguage\":\"sk-SK\",\"@id\":\"http:\/\/tailored.sk\/#\/schema\/logo\/image\/\",\"url\":\"https:\/\/tailored.sk\/wp-content\/uploads\/2023\/08\/00c85c15-e673-465b-90a1-002192f8f666.png\",\"contentUrl\":\"https:\/\/tailored.sk\/wp-content\/uploads\/2023\/08\/00c85c15-e673-465b-90a1-002192f8f666.png\",\"width\":250,\"height\":84,\"caption\":\"Tailored\"},\"image\":{\"@id\":\"http:\/\/tailored.sk\/#\/schema\/logo\/image\/\"}}]}<\/script>\n<!-- \/ Yoast SEO plugin. -->","yoast_head_json":{"title":"Blog & References - Tailored","description":"Referencie a in\u00e9 aktu\u00e1lne inform\u00e1cie, \u010dl\u00e1nky, aktuality, novinky oh\u013eadne Tailored technologies.","robots":{"index":"index","follow":"follow","max-snippet":"max-snippet:-1","max-image-preview":"max-image-preview:large","max-video-preview":"max-video-preview:-1"},"canonical":"https:\/\/tailored.sk\/?page_id=84","og_locale":"sk_SK","og_type":"article","og_title":"Blog & References - Tailored","og_description":"Referencie a in\u00e9 aktu\u00e1lne inform\u00e1cie, \u010dl\u00e1nky, aktuality, novinky oh\u013eadne Tailored technologies.","og_url":"https:\/\/tailored.sk\/?page_id=84","og_site_name":"Tailored","article_modified_time":"2024-02-07T09:14:20+00:00","twitter_card":"summary_large_image","twitter_misc":{"Predpokladan\u00fd \u010das \u010d\u00edtania":"3 min\u00faty"},"schema":{"@context":"https:\/\/schema.org","@graph":[{"@type":"WebPage","@id":"https:\/\/tailored.sk\/?page_id=84","url":"https:\/\/tailored.sk\/?page_id=84","name":"Blog & References - Tailored","isPartOf":{"@id":"http:\/\/tailored.sk\/#website"},"datePublished":"2023-08-03T21:43:08+00:00","dateModified":"2024-02-07T09:14:20+00:00","description":"Referencie a in\u00e9 aktu\u00e1lne inform\u00e1cie, \u010dl\u00e1nky, aktuality, novinky oh\u013eadne Tailored technologies.","breadcrumb":{"@id":"https:\/\/tailored.sk\/?page_id=84#breadcrumb"},"inLanguage":"sk-SK","potentialAction":[{"@type":"ReadAction","target":["https:\/\/tailored.sk\/?page_id=84"]}]},{"@type":"BreadcrumbList","@id":"https:\/\/tailored.sk\/?page_id=84#breadcrumb","itemListElement":[{"@type":"ListItem","position":1,"name":"Home","item":"http:\/\/tailored.sk\/"},{"@type":"ListItem","position":2,"name":"Blog &#038; References"}]},{"@type":"WebSite","@id":"http:\/\/tailored.sk\/#website","url":"http:\/\/tailored.sk\/","name":"Tailored","description":"","publisher":{"@id":"http:\/\/tailored.sk\/#organization"},"potentialAction":[{"@type":"SearchAction","target":{"@type":"EntryPoint","urlTemplate":"http:\/\/tailored.sk\/?s={search_term_string}"},"query-input":"required name=search_term_string"}],"inLanguage":"sk-SK"},{"@type":"Organization","@id":"http:\/\/tailored.sk\/#organization","name":"Tailored","url":"http:\/\/tailored.sk\/","logo":{"@type":"ImageObject","inLanguage":"sk-SK","@id":"http:\/\/tailored.sk\/#\/schema\/logo\/image\/","url":"https:\/\/tailored.sk\/wp-content\/uploads\/2023\/08\/00c85c15-e673-465b-90a1-002192f8f666.png","contentUrl":"https:\/\/tailored.sk\/wp-content\/uploads\/2023\/08\/00c85c15-e673-465b-90a1-002192f8f666.png","width":250,"height":84,"caption":"Tailored"},"image":{"@id":"http:\/\/tailored.sk\/#\/schema\/logo\/image\/"}}]}},"_links":{"self":[{"href":"https:\/\/tailored.sk\/index.php?rest_route=\/wp\/v2\/pages\/84"}],"collection":[{"href":"https:\/\/tailored.sk\/index.php?rest_route=\/wp\/v2\/pages"}],"about":[{"href":"https:\/\/tailored.sk\/index.php?rest_route=\/wp\/v2\/types\/page"}],"author":[{"embeddable":true,"href":"https:\/\/tailored.sk\/index.php?rest_route=\/wp\/v2\/users\/3"}],"replies":[{"embeddable":true,"href":"https:\/\/tailored.sk\/index.php?rest_route=%2Fwp%2Fv2%2Fcomments&post=84"}],"version-history":[{"count":6,"href":"https:\/\/tailored.sk\/index.php?rest_route=\/wp\/v2\/pages\/84\/revisions"}],"predecessor-version":[{"id":549,"href":"https:\/\/tailored.sk\/index.php?rest_route=\/wp\/v2\/pages\/84\/revisions\/549"}],"wp:attachment":[{"href":"https:\/\/tailored.sk\/index.php?rest_route=%2Fwp%2Fv2%2Fmedia&parent=84"}],"curies":[{"name":"wp","href":"https:\/\/api.w.org\/{rel}","templated":true}]}}